{"id":872,"date":"2024-01-17T22:46:05","date_gmt":"2024-01-17T22:46:05","guid":{"rendered":"https:\/\/desierto.com.pe\/?page_id=872"},"modified":"2024-01-18T20:22:12","modified_gmt":"2024-01-18T20:22:12","slug":"borrador","status":"publish","type":"page","link":"https:\/\/desierto.com.pe\/en\/borrador\/","title":{"rendered":"borrador"},"content":{"rendered":"<div data-elementor-type=\"wp-page\" data-elementor-id=\"872\" class=\"elementor elementor-872\">\n\t\t\t\t\t\t\t<div class=\"elementor-element elementor-element-1652977 e-flex e-con-boxed e-con e-parent\" data-id=\"1652977\" data-element_type=\"container\" data-settings=\"{&quot;content_width&quot;:&quot;boxed&quot;}\" data-core-v316-plus=\"true\">\n\t\t\t\t\t<div class=\"e-con-inner\">\n\t\t<div class=\"elementor-element elementor-element-f91f21e e-flex e-con-boxed e-con e-child\" data-id=\"f91f21e\" data-element_type=\"container\" data-settings=\"{&quot;content_width&quot;:&quot;boxed&quot;}\">\n\t\t\t\t\t<div class=\"e-con-inner\">\n\t\t\t\t<div class=\"elementor-element elementor-element-1a8c2b0 elementor--h-position-center elementor--v-position-middle elementor-arrows-position-inside elementor-pagination-position-inside elementor-widget elementor-widget-slides\" data-id=\"1a8c2b0\" data-element_type=\"widget\" data-settings=\"{&quot;autoplay_speed&quot;:2000,&quot;navigation&quot;:&quot;both&quot;,&quot;autoplay&quot;:&quot;yes&quot;,&quot;pause_on_hover&quot;:&quot;yes&quot;,&quot;pause_on_interaction&quot;:&quot;yes&quot;,&quot;infinite&quot;:&quot;yes&quot;,&quot;transition&quot;:&quot;slide&quot;,&quot;transition_speed&quot;:500}\" data-widget_type=\"slides.default\">\n\t\t\t\t<div class=\"elementor-widget-container\">\n\t\t\t<style>\/*! elementor-pro - v3.9.2 - 21-12-2022 *\/\n.elementor-slides .swiper-slide-bg{background-size:cover;background-position:50%;background-repeat:no-repeat;min-width:100%;min-height:100%}.elementor-slides .swiper-slide-inner{background-repeat:no-repeat;background-position:50%;position:absolute;top:0;left:0;bottom:0;right:0;padding:50px;margin:auto}.elementor-slides .swiper-slide-inner,.elementor-slides .swiper-slide-inner:hover{color:#fff;display:flex}.elementor-slides .swiper-slide-inner .elementor-background-overlay{position:absolute;z-index:0;top:0;bottom:0;left:0;right:0}.elementor-slides .swiper-slide-inner .elementor-slide-content{position:relative;z-index:1;width:100%}.elementor-slides .swiper-slide-inner .elementor-slide-heading{font-size:35px;font-weight:700;line-height:1}.elementor-slides .swiper-slide-inner .elementor-slide-description{font-size:17px;line-height:1.4}.elementor-slides .swiper-slide-inner .elementor-slide-description:not(:last-child),.elementor-slides .swiper-slide-inner .elementor-slide-heading:not(:last-child){margin-bottom:30px}.elementor-slides .swiper-slide-inner .elementor-slide-button{border:2px solid #fff;color:#fff;background:transparent;display:inline-block}.elementor-slides .swiper-slide-inner .elementor-slide-button,.elementor-slides .swiper-slide-inner .elementor-slide-button:hover{background:transparent;color:inherit;text-decoration:none}.elementor--v-position-top .swiper-slide-inner{align-items:flex-start}.elementor--v-position-bottom .swiper-slide-inner{align-items:flex-end}.elementor--v-position-middle .swiper-slide-inner{align-items:center}.elementor--h-position-left .swiper-slide-inner{justify-content:flex-start}.elementor--h-position-right .swiper-slide-inner{justify-content:flex-end}.elementor--h-position-center .swiper-slide-inner{justify-content:center}body.rtl .elementor-widget-slides .elementor-swiper-button-next{left:10px;right:auto}body.rtl .elementor-widget-slides .elementor-swiper-button-prev{right:10px;left:auto}.elementor-slides-wrapper div:not(.swiper-slide)>.swiper-slide-inner{display:none}@media (max-width:767px){.elementor-slides .swiper-slide-inner{padding:30px}.elementor-slides .swiper-slide-inner .elementor-slide-heading{font-size:23px;line-height:1;margin-bottom:15px}.elementor-slides .swiper-slide-inner .elementor-slide-description{font-size:13px;line-height:1.4;margin-bottom:15px}}<\/style>\t\t<div class=\"elementor-swiper\">\n\t\t\t<div class=\"elementor-slides-wrapper elementor-main-swiper swiper-container\" dir=\"ltr\" data-animation=\"\">\n\t\t\t\t<div class=\"swiper-wrapper elementor-slides\">\n\t\t\t\t\t\t\t\t\t\t<div class=\"elementor-repeater-item-d020231 swiper-slide\"><div class=\"swiper-slide-bg elementor-ken-burns elementor-ken-burns--in\"><\/div><div class=\"elementor-background-overlay\"><\/div><div class=\"swiper-slide-inner\" ><div class=\"swiper-slide-contents\"><div class=\"elementor-slide-heading\">VIAJES A MEDIDA EN EL DESIERTO<\/div><div  class=\"elementor-button elementor-slide-button elementor-size-sm\">VER M\u00c1S<\/div><\/div><\/div><\/div><div class=\"elementor-repeater-item-93ad34b swiper-slide\"><div class=\"swiper-slide-bg elementor-ken-burns elementor-ken-burns--in\"><\/div><div class=\"swiper-slide-inner\" ><div class=\"swiper-slide-contents\"><div class=\"elementor-slide-heading\">EVENTOS CORPORATIVOS<\/div><div  class=\"elementor-button elementor-slide-button elementor-size-sm\">VER M\u00c1S<\/div><\/div><\/div><\/div><div class=\"elementor-repeater-item-5961da3 swiper-slide\"><div class=\"swiper-slide-bg elementor-ken-burns elementor-ken-burns--in\"><\/div><div class=\"elementor-background-overlay\"><\/div><div class=\"swiper-slide-inner\" ><div class=\"swiper-slide-contents\"><div class=\"elementor-slide-heading\">OTRAS ACTVIDADES<\/div><div  class=\"elementor-button elementor-slide-button elementor-size-sm\">VER M\u00c1S<\/div><\/div><\/div><\/div><div class=\"elementor-repeater-item-ed00ad2 swiper-slide\"><div class=\"swiper-slide-bg elementor-ken-burns elementor-ken-burns--in\"><\/div><div class=\"elementor-background-overlay\"><\/div><div class=\"swiper-slide-inner\" ><div class=\"swiper-slide-contents\"><div class=\"elementor-slide-heading\">SUNSET EN EL OASIS<\/div><div  class=\"elementor-button elementor-slide-button elementor-size-sm\">VER M\u00c1S<\/div><\/div><\/div><\/div>\t\t\t\t<\/div>\n\t\t\t\t\t\t\t\t\t\t\t\t\t\t\t<div class=\"swiper-pagination\"><\/div>\n\t\t\t\t\t\t\t\t\t\t\t\t\t\t\t\t<div class=\"elementor-swiper-button elementor-swiper-button-prev\">\n\t\t\t\t\t\t\t<i aria-hidden=\"true\" class=\"eicon-chevron-left\"><\/i>\t\t\t\t\t\t\t<span class=\"elementor-screen-only\">Previous<\/span>\n\t\t\t\t\t\t<\/div>\n\t\t\t\t\t\t<div class=\"elementor-swiper-button elementor-swiper-button-next\">\n\t\t\t\t\t\t\t<i aria-hidden=\"true\" class=\"eicon-chevron-right\"><\/i>\t\t\t\t\t\t\t<span class=\"elementor-screen-only\">Next<\/span>\n\t\t\t\t\t\t<\/div>\n\t\t\t\t\t\t\t\t\t\t\t\t<\/div>\n\t\t<\/div>\n\t\t\t\t<\/div>\n\t\t\t\t<\/div>\n\t\t\t\t\t<\/div>\n\t\t\t\t<\/div>\n\t\t\t\t\t<\/div>\n\t\t\t\t<\/div>\n\t\t<div class=\"elementor-element elementor-element-9d13d75 e-con-full e-flex e-con e-parent\" data-id=\"9d13d75\" data-element_type=\"container\" data-settings=\"{&quot;content_width&quot;:&quot;full&quot;,&quot;background_background&quot;:&quot;classic&quot;}\" data-core-v316-plus=\"true\">\n\t\t<div class=\"elementor-element elementor-element-5cb5491 e-con-full e-flex e-con e-child\" data-id=\"5cb5491\" data-element_type=\"container\" data-settings=\"{&quot;content_width&quot;:&quot;full&quot;}\">\n\t\t\t\t<div class=\"elementor-element elementor-element-e631104 elementor-widget elementor-widget-H5VPPlayer\" data-id=\"e631104\" data-element_type=\"widget\" data-widget_type=\"H5VPPlayer.default\">\n\t\t\t\t<div class=\"elementor-widget-container\">\n\t\t\t\r\n        <div class='html5_video_players' style=\"width:100%;\" data-nonce=\"95f7c1d40d\" data-attributes=\"{&quot;additionalID&quot;:&quot;&quot;,&quot;options&quot;:{&quot;controls&quot;:[&quot;play&quot;,&quot;captions&quot;],&quot;tooltips&quot;:{&quot;controls&quot;:true,&quot;seek&quot;:true},&quot;seekTime&quot;:10,&quot;loop&quot;:{&quot;active&quot;:false},&quot;autoplay&quot;:false,&quot;muted&quot;:false,&quot;hideControls&quot;:true,&quot;resetOnEnd&quot;:true,&quot;captions&quot;:{&quot;active&quot;:true,&quot;update&quot;:false,&quot;language&quot;:&quot;auto&quot;},&quot;ratio&quot;:null,&quot;speed&quot;:{&quot;selected&quot;:1,&quot;options&quot;:[0.5,0.75,1,1.25,1.75]},&quot;storage&quot;:{&quot;enabled&quot;:true},&quot;urls&quot;:{&quot;download&quot;:null},&quot;markers&quot;:{&quot;enabled&quot;:false,&quot;points&quot;:[]},&quot;ads&quot;:{&quot;enabled&quot;:false}},&quot;features&quot;:{&quot;overlay&quot;:{&quot;enabled&quot;:false,&quot;items&quot;:[{&quot;color&quot;:&quot;#fff&quot;,&quot;hoverColor&quot;:&quot;#fff&quot;,&quot;fontSize&quot;:&quot;17px&quot;,&quot;link&quot;:&quot;#&quot;,&quot;logo&quot;:false,&quot;position&quot;:&quot;top_right&quot;,&quot;text&quot;:&quot;Overlay Sample Text&quot;,&quot;type&quot;:&quot;text&quot;,&quot;backgroundColor&quot;:&quot;#333&quot;,&quot;opacity&quot;:&quot;0.7&quot;}]},&quot;sticky&quot;:{&quot;enabled&quot;:false,&quot;position&quot;:&quot;top_left&quot;},&quot;chapters&quot;:[],&quot;watermark&quot;:{&quot;enabled&quot;:false},&quot;thumbInPause&quot;:{&quot;enabled&quot;:false,&quot;type&quot;:&quot;default&quot;},&quot;endScreen&quot;:{&quot;enabled&quot;:false,&quot;text&quot;:&quot;&quot;,&quot;btnText&quot;:&quot;Watch Again&quot;,&quot;btnLink&quot;:&quot;#&quot;},&quot;popup&quot;:{&quot;enabled&quot;:false,&quot;selector&quot;:&quot;&quot;,&quot;hasBtn&quot;:false,&quot;type&quot;:&quot;button&quot;,&quot;btnText&quot;:&quot;Watch Video&quot;,&quot;btnStyle&quot;:[]},&quot;hideYoutubeUI&quot;:false,&quot;hideLoadingPlaceholder&quot;:false,&quot;passwordProtected&quot;:{&quot;enabled&quot;:false,&quot;key&quot;:&quot;&quot;}},&quot;propagans&quot;:&quot;&quot;,&quot;customDownloadURL&quot;:&quot;&quot;,&quot;captionEnabled&quot;:false,&quot;disableDownload&quot;:false,&quot;disablePause&quot;:false,&quot;startTime&quot;:0,&quot;autoplayWhenVisible&quot;:false,&quot;saveState&quot;:false,&quot;protected&quot;:false,&quot;captions&quot;:[],&quot;qualities&quot;:[],&quot;source&quot;:&quot;https:\\\/\\\/desierto.com.pe\\\/wp-content\\\/uploads\\\/2023\\\/10\\\/GLAMBING-1.mp4&quot;,&quot;poster&quot;:&quot;https:\\\/\\\/desierto.com.pe\\\/wp-content\\\/uploads\\\/2023\\\/10\\\/54.webp&quot;,&quot;hideYoutubeUI&quot;:true,&quot;branding&quot;:{&quot;enabled&quot;:false,&quot;color&quot;:&quot;#fff&quot;},&quot;styles&quot;:{&quot;plyr_wrapper&quot;:{&quot;width&quot;:&quot;100%&quot;}},&quot;uniqueId&quot;:&quot;h5vp69f1a3880c55a&quot;}\">\r\n            <div class=\"preload_poster\" style=\"background: url(https:\/\/desierto.com.pe\/wp-content\/uploads\/2023\/10\/54.webp);background-position: 50% 50%;overflow:hidden;aspect-ratio:\">\r\n                <svg width=\"36px\" height=\"36px\" viewbox=\"0 0 15 15\" fill=\"none\" xmlns=\"http:\/\/www.w3.org\/2000\/svg\">\r\n                    <path d=\"M4.79062 2.09314C4.63821 1.98427 4.43774 1.96972 4.27121 2.05542C4.10467 2.14112 4 2.31271 4 2.5V12.5C4 12.6873 4.10467 12.8589 4.27121 12.9446C4.43774 13.0303 4.63821 13.0157 4.79062 12.9069L11.7906 7.90687C11.922 7.81301 12 7.66148 12 7.5C12 7.33853 11.922 7.18699 11.7906 7.09314L4.79062 2.09314Z\" fill=\"#fff\"\/>\r\n                <\/svg>\r\n            <\/div>\r\n        <\/div>\r\n        \t\t<\/div>\n\t\t\t\t<\/div>\n\t\t\t\t<\/div>\n\t\t<div class=\"elementor-element elementor-element-c03c26f e-con-full e-flex e-con e-child\" data-id=\"c03c26f\" data-element_type=\"container\" data-settings=\"{&quot;content_width&quot;:&quot;full&quot;}\">\n\t\t\t\t<div class=\"elementor-element elementor-element-1a4a0e7 elementor-widget elementor-widget-H5VPPlayer\" data-id=\"1a4a0e7\" data-element_type=\"widget\" data-widget_type=\"H5VPPlayer.default\">\n\t\t\t\t<div class=\"elementor-widget-container\">\n\t\t\t\r\n        <div class='html5_video_players' style=\"width:100%;\" data-nonce=\"95f7c1d40d\" data-attributes=\"{&quot;additionalID&quot;:&quot;&quot;,&quot;options&quot;:{&quot;controls&quot;:[&quot;play&quot;,&quot;captions&quot;],&quot;tooltips&quot;:{&quot;controls&quot;:true,&quot;seek&quot;:true},&quot;seekTime&quot;:10,&quot;loop&quot;:{&quot;active&quot;:false},&quot;autoplay&quot;:false,&quot;muted&quot;:false,&quot;hideControls&quot;:true,&quot;resetOnEnd&quot;:true,&quot;captions&quot;:{&quot;active&quot;:true,&quot;update&quot;:false,&quot;language&quot;:&quot;auto&quot;},&quot;ratio&quot;:null,&quot;speed&quot;:{&quot;selected&quot;:1,&quot;options&quot;:[0.5,0.75,1,1.25,1.75]},&quot;storage&quot;:{&quot;enabled&quot;:true},&quot;urls&quot;:{&quot;download&quot;:null},&quot;markers&quot;:{&quot;enabled&quot;:false,&quot;points&quot;:[]},&quot;ads&quot;:{&quot;enabled&quot;:false}},&quot;features&quot;:{&quot;overlay&quot;:{&quot;enabled&quot;:false,&quot;items&quot;:[{&quot;color&quot;:&quot;#fff&quot;,&quot;hoverColor&quot;:&quot;#fff&quot;,&quot;fontSize&quot;:&quot;17px&quot;,&quot;link&quot;:&quot;#&quot;,&quot;logo&quot;:false,&quot;position&quot;:&quot;top_right&quot;,&quot;text&quot;:&quot;Overlay Sample Text&quot;,&quot;type&quot;:&quot;text&quot;,&quot;backgroundColor&quot;:&quot;#333&quot;,&quot;opacity&quot;:&quot;0.7&quot;}]},&quot;sticky&quot;:{&quot;enabled&quot;:false,&quot;position&quot;:&quot;top_left&quot;},&quot;chapters&quot;:[],&quot;watermark&quot;:{&quot;enabled&quot;:false},&quot;thumbInPause&quot;:{&quot;enabled&quot;:false,&quot;type&quot;:&quot;default&quot;},&quot;endScreen&quot;:{&quot;enabled&quot;:false,&quot;text&quot;:&quot;&quot;,&quot;btnText&quot;:&quot;Watch Again&quot;,&quot;btnLink&quot;:&quot;#&quot;},&quot;popup&quot;:{&quot;enabled&quot;:false,&quot;selector&quot;:&quot;&quot;,&quot;hasBtn&quot;:false,&quot;type&quot;:&quot;button&quot;,&quot;btnText&quot;:&quot;Watch Video&quot;,&quot;btnStyle&quot;:[]},&quot;hideYoutubeUI&quot;:false,&quot;hideLoadingPlaceholder&quot;:false,&quot;passwordProtected&quot;:{&quot;enabled&quot;:false,&quot;key&quot;:&quot;&quot;}},&quot;propagans&quot;:&quot;&quot;,&quot;customDownloadURL&quot;:&quot;&quot;,&quot;captionEnabled&quot;:false,&quot;disableDownload&quot;:false,&quot;disablePause&quot;:false,&quot;startTime&quot;:0,&quot;autoplayWhenVisible&quot;:false,&quot;saveState&quot;:false,&quot;protected&quot;:false,&quot;captions&quot;:[],&quot;qualities&quot;:[],&quot;source&quot;:&quot;https:\\\/\\\/desierto.com.pe\\\/wp-content\\\/uploads\\\/2024\\\/01\\\/GLAMBING-3.mp4&quot;,&quot;poster&quot;:&quot;https:\\\/\\\/desierto.com.pe\\\/wp-content\\\/uploads\\\/2023\\\/10\\\/46.webp&quot;,&quot;hideYoutubeUI&quot;:true,&quot;branding&quot;:{&quot;enabled&quot;:false,&quot;color&quot;:&quot;#fff&quot;},&quot;styles&quot;:{&quot;plyr_wrapper&quot;:{&quot;width&quot;:&quot;100%&quot;}},&quot;uniqueId&quot;:&quot;h5vp69f1a3880d0b8&quot;}\">\r\n            <div class=\"preload_poster\" style=\"background: url(https:\/\/desierto.com.pe\/wp-content\/uploads\/2023\/10\/46.webp);background-position: 50% 50%;overflow:hidden;aspect-ratio:\">\r\n                <svg width=\"36px\" height=\"36px\" viewbox=\"0 0 15 15\" fill=\"none\" xmlns=\"http:\/\/www.w3.org\/2000\/svg\">\r\n                    <path d=\"M4.79062 2.09314C4.63821 1.98427 4.43774 1.96972 4.27121 2.05542C4.10467 2.14112 4 2.31271 4 2.5V12.5C4 12.6873 4.10467 12.8589 4.27121 12.9446C4.43774 13.0303 4.63821 13.0157 4.79062 12.9069L11.7906 7.90687C11.922 7.81301 12 7.66148 12 7.5C12 7.33853 11.922 7.18699 11.7906 7.09314L4.79062 2.09314Z\" fill=\"#fff\"\/>\r\n                <\/svg>\r\n            <\/div>\r\n        <\/div>\r\n        \t\t<\/div>\n\t\t\t\t<\/div>\n\t\t\t\t<\/div>\n\t\t<div class=\"elementor-element elementor-element-78d2614 e-con-full e-flex e-con e-child\" data-id=\"78d2614\" data-element_type=\"container\" data-settings=\"{&quot;content_width&quot;:&quot;full&quot;}\">\n\t\t\t\t<div class=\"elementor-element elementor-element-205b5a5 elementor-widget elementor-widget-H5VPPlayer\" data-id=\"205b5a5\" data-element_type=\"widget\" data-widget_type=\"H5VPPlayer.default\">\n\t\t\t\t<div class=\"elementor-widget-container\">\n\t\t\t\r\n        <div class='html5_video_players' style=\"width:100%;\" data-nonce=\"95f7c1d40d\" data-attributes=\"{&quot;additionalID&quot;:&quot;&quot;,&quot;options&quot;:{&quot;controls&quot;:[&quot;play&quot;,&quot;captions&quot;],&quot;tooltips&quot;:{&quot;controls&quot;:true,&quot;seek&quot;:true},&quot;seekTime&quot;:10,&quot;loop&quot;:{&quot;active&quot;:false},&quot;autoplay&quot;:false,&quot;muted&quot;:false,&quot;hideControls&quot;:true,&quot;resetOnEnd&quot;:true,&quot;captions&quot;:{&quot;active&quot;:true,&quot;update&quot;:false,&quot;language&quot;:&quot;auto&quot;},&quot;ratio&quot;:null,&quot;speed&quot;:{&quot;selected&quot;:1,&quot;options&quot;:[0.5,0.75,1,1.25,1.75]},&quot;storage&quot;:{&quot;enabled&quot;:true},&quot;urls&quot;:{&quot;download&quot;:null},&quot;markers&quot;:{&quot;enabled&quot;:false,&quot;points&quot;:[]},&quot;ads&quot;:{&quot;enabled&quot;:false}},&quot;features&quot;:{&quot;overlay&quot;:{&quot;enabled&quot;:false,&quot;items&quot;:[{&quot;color&quot;:&quot;#fff&quot;,&quot;hoverColor&quot;:&quot;#fff&quot;,&quot;fontSize&quot;:&quot;17px&quot;,&quot;link&quot;:&quot;#&quot;,&quot;logo&quot;:false,&quot;position&quot;:&quot;top_right&quot;,&quot;text&quot;:&quot;Overlay Sample Text&quot;,&quot;type&quot;:&quot;text&quot;,&quot;backgroundColor&quot;:&quot;#333&quot;,&quot;opacity&quot;:&quot;0.7&quot;}]},&quot;sticky&quot;:{&quot;enabled&quot;:false,&quot;position&quot;:&quot;top_left&quot;},&quot;chapters&quot;:[],&quot;watermark&quot;:{&quot;enabled&quot;:false},&quot;thumbInPause&quot;:{&quot;enabled&quot;:false,&quot;type&quot;:&quot;default&quot;},&quot;endScreen&quot;:{&quot;enabled&quot;:false,&quot;text&quot;:&quot;&quot;,&quot;btnText&quot;:&quot;Watch Again&quot;,&quot;btnLink&quot;:&quot;#&quot;},&quot;popup&quot;:{&quot;enabled&quot;:false,&quot;selector&quot;:&quot;&quot;,&quot;hasBtn&quot;:false,&quot;type&quot;:&quot;button&quot;,&quot;btnText&quot;:&quot;Watch Video&quot;,&quot;btnStyle&quot;:[]},&quot;hideYoutubeUI&quot;:false,&quot;hideLoadingPlaceholder&quot;:false,&quot;passwordProtected&quot;:{&quot;enabled&quot;:false,&quot;key&quot;:&quot;&quot;}},&quot;propagans&quot;:&quot;&quot;,&quot;customDownloadURL&quot;:&quot;&quot;,&quot;captionEnabled&quot;:false,&quot;disableDownload&quot;:false,&quot;disablePause&quot;:false,&quot;startTime&quot;:0,&quot;autoplayWhenVisible&quot;:false,&quot;saveState&quot;:false,&quot;protected&quot;:false,&quot;captions&quot;:[],&quot;qualities&quot;:[],&quot;source&quot;:&quot;https:\\\/\\\/desierto.com.pe\\\/wp-content\\\/uploads\\\/2023\\\/10\\\/GLAMBING-1.mp4&quot;,&quot;poster&quot;:&quot;https:\\\/\\\/desierto.com.pe\\\/wp-content\\\/uploads\\\/2024\\\/01\\\/GLAMBING-_2_-_1_.webp&quot;,&quot;hideYoutubeUI&quot;:true,&quot;branding&quot;:{&quot;enabled&quot;:false,&quot;color&quot;:&quot;#fff&quot;},&quot;styles&quot;:{&quot;plyr_wrapper&quot;:{&quot;width&quot;:&quot;100%&quot;}},&quot;uniqueId&quot;:&quot;h5vp69f1a3880dbbd&quot;}\">\r\n            <div class=\"preload_poster\" style=\"background: url(https:\/\/desierto.com.pe\/wp-content\/uploads\/2024\/01\/GLAMBING-_2_-_1_.webp);background-position: 50% 50%;overflow:hidden;aspect-ratio:\">\r\n                <svg width=\"36px\" height=\"36px\" viewbox=\"0 0 15 15\" fill=\"none\" xmlns=\"http:\/\/www.w3.org\/2000\/svg\">\r\n                    <path d=\"M4.79062 2.09314C4.63821 1.98427 4.43774 1.96972 4.27121 2.05542C4.10467 2.14112 4 2.31271 4 2.5V12.5C4 12.6873 4.10467 12.8589 4.27121 12.9446C4.43774 13.0303 4.63821 13.0157 4.79062 12.9069L11.7906 7.90687C11.922 7.81301 12 7.66148 12 7.5C12 7.33853 11.922 7.18699 11.7906 7.09314L4.79062 2.09314Z\" fill=\"#fff\"\/>\r\n                <\/svg>\r\n            <\/div>\r\n        <\/div>\r\n        \t\t<\/div>\n\t\t\t\t<\/div>\n\t\t\t\t<\/div>\n\t\t\t\t<\/div>\n\t\t\t\t\t\t\t<\/div>","protected":false},"excerpt":{"rendered":"<p>VIAJES A MEDIDA EN EL DESIERTOVER M\u00c1SEVENTOS CORPORATIVOSVER M\u00c1SOTRAS ACTVIDADESVER M\u00c1SSUNSET EN EL OASISVER M\u00c1S Previous Next Your browser does not support the video tag. Your browser does not support the video tag. Your browser does not support the video tag.<\/p>","protected":false},"author":1,"featured_media":0,"parent":0,"menu_order":0,"comment_status":"closed","ping_status":"closed","template":"","meta":{"footnotes":""},"class_list":["post-872","page","type-page","status-publish","hentry"],"yoast_head":"<!-- This site is optimized with the Yoast SEO plugin v23.7 - https:\/\/yoast.com\/wordpress\/plugins\/seo\/ -->\n<title>borrador - Desierto<\/title>\n<meta name=\"robots\" content=\"index, follow, max-snippet:-1, max-image-preview:large, max-video-preview:-1\" \/>\n<link rel=\"canonical\" href=\"https:\/\/desierto.com.pe\/en\/borrador\/\" \/>\n<meta property=\"og:locale\" content=\"en_US\" \/>\n<meta property=\"og:type\" content=\"article\" \/>\n<meta property=\"og:title\" content=\"borrador - Desierto\" \/>\n<meta property=\"og:description\" content=\"VIAJES A MEDIDA EN EL DESIERTOVER M\u00c1SEVENTOS CORPORATIVOSVER M\u00c1SOTRAS ACTVIDADESVER M\u00c1SSUNSET EN EL OASISVER M\u00c1S Previous Next Your browser does not support the video tag. Your browser does not support the video tag. Your browser does not support the video tag.\" \/>\n<meta property=\"og:url\" content=\"https:\/\/desierto.com.pe\/en\/borrador\/\" \/>\n<meta property=\"og:site_name\" content=\"Desierto\" \/>\n<meta property=\"article:modified_time\" content=\"2024-01-18T20:22:12+00:00\" \/>\n<meta name=\"twitter:card\" content=\"summary_large_image\" \/>\n<script type=\"application\/ld+json\" class=\"yoast-schema-graph\">{\"@context\":\"https:\/\/schema.org\",\"@graph\":[{\"@type\":\"WebPage\",\"@id\":\"https:\/\/desierto.com.pe\/borrador\/\",\"url\":\"https:\/\/desierto.com.pe\/borrador\/\",\"name\":\"borrador - Desierto\",\"isPartOf\":{\"@id\":\"https:\/\/desierto.com.pe\/#website\"},\"datePublished\":\"2024-01-17T22:46:05+00:00\",\"dateModified\":\"2024-01-18T20:22:12+00:00\",\"breadcrumb\":{\"@id\":\"https:\/\/desierto.com.pe\/borrador\/#breadcrumb\"},\"inLanguage\":\"en-US\",\"potentialAction\":[{\"@type\":\"ReadAction\",\"target\":[\"https:\/\/desierto.com.pe\/borrador\/\"]}]},{\"@type\":\"BreadcrumbList\",\"@id\":\"https:\/\/desierto.com.pe\/borrador\/#breadcrumb\",\"itemListElement\":[{\"@type\":\"ListItem\",\"position\":1,\"name\":\"Portada\",\"item\":\"https:\/\/desierto.com.pe\/\"},{\"@type\":\"ListItem\",\"position\":2,\"name\":\"borrador\"}]},{\"@type\":\"WebSite\",\"@id\":\"https:\/\/desierto.com.pe\/#website\",\"url\":\"https:\/\/desierto.com.pe\/\",\"name\":\"Desierto\",\"description\":\"\",\"publisher\":{\"@id\":\"https:\/\/desierto.com.pe\/#organization\"},\"potentialAction\":[{\"@type\":\"SearchAction\",\"target\":{\"@type\":\"EntryPoint\",\"urlTemplate\":\"https:\/\/desierto.com.pe\/?s={search_term_string}\"},\"query-input\":{\"@type\":\"PropertyValueSpecification\",\"valueRequired\":true,\"valueName\":\"search_term_string\"}}],\"inLanguage\":\"en-US\"},{\"@type\":\"Organization\",\"@id\":\"https:\/\/desierto.com.pe\/#organization\",\"name\":\"Desierto\",\"url\":\"https:\/\/desierto.com.pe\/\",\"logo\":{\"@type\":\"ImageObject\",\"inLanguage\":\"en-US\",\"@id\":\"https:\/\/desierto.com.pe\/#\/schema\/logo\/image\/\",\"url\":\"https:\/\/desierto.com.pe\/wp-content\/uploads\/2023\/10\/cropped-DESIERTO-LOGOS-26.png\",\"contentUrl\":\"https:\/\/desierto.com.pe\/wp-content\/uploads\/2023\/10\/cropped-DESIERTO-LOGOS-26.png\",\"width\":2086,\"height\":801,\"caption\":\"Desierto\"},\"image\":{\"@id\":\"https:\/\/desierto.com.pe\/#\/schema\/logo\/image\/\"}}]}<\/script>\n<!-- \/ Yoast SEO plugin. -->","yoast_head_json":{"title":"borrador - Desierto","robots":{"index":"index","follow":"follow","max-snippet":"max-snippet:-1","max-image-preview":"max-image-preview:large","max-video-preview":"max-video-preview:-1"},"canonical":"https:\/\/desierto.com.pe\/en\/borrador\/","og_locale":"en_US","og_type":"article","og_title":"borrador - Desierto","og_description":"VIAJES A MEDIDA EN EL DESIERTOVER M\u00c1SEVENTOS CORPORATIVOSVER M\u00c1SOTRAS ACTVIDADESVER M\u00c1SSUNSET EN EL OASISVER M\u00c1S Previous Next Your browser does not support the video tag. Your browser does not support the video tag. Your browser does not support the video tag.","og_url":"https:\/\/desierto.com.pe\/en\/borrador\/","og_site_name":"Desierto","article_modified_time":"2024-01-18T20:22:12+00:00","twitter_card":"summary_large_image","schema":{"@context":"https:\/\/schema.org","@graph":[{"@type":"WebPage","@id":"https:\/\/desierto.com.pe\/borrador\/","url":"https:\/\/desierto.com.pe\/borrador\/","name":"borrador - Desierto","isPartOf":{"@id":"https:\/\/desierto.com.pe\/#website"},"datePublished":"2024-01-17T22:46:05+00:00","dateModified":"2024-01-18T20:22:12+00:00","breadcrumb":{"@id":"https:\/\/desierto.com.pe\/borrador\/#breadcrumb"},"inLanguage":"en-US","potentialAction":[{"@type":"ReadAction","target":["https:\/\/desierto.com.pe\/borrador\/"]}]},{"@type":"BreadcrumbList","@id":"https:\/\/desierto.com.pe\/borrador\/#breadcrumb","itemListElement":[{"@type":"ListItem","position":1,"name":"Portada","item":"https:\/\/desierto.com.pe\/"},{"@type":"ListItem","position":2,"name":"borrador"}]},{"@type":"WebSite","@id":"https:\/\/desierto.com.pe\/#website","url":"https:\/\/desierto.com.pe\/","name":"Desierto","description":"","publisher":{"@id":"https:\/\/desierto.com.pe\/#organization"},"potentialAction":[{"@type":"SearchAction","target":{"@type":"EntryPoint","urlTemplate":"https:\/\/desierto.com.pe\/?s={search_term_string}"},"query-input":{"@type":"PropertyValueSpecification","valueRequired":true,"valueName":"search_term_string"}}],"inLanguage":"en-US"},{"@type":"Organization","@id":"https:\/\/desierto.com.pe\/#organization","name":"Desierto","url":"https:\/\/desierto.com.pe\/","logo":{"@type":"ImageObject","inLanguage":"en-US","@id":"https:\/\/desierto.com.pe\/#\/schema\/logo\/image\/","url":"https:\/\/desierto.com.pe\/wp-content\/uploads\/2023\/10\/cropped-DESIERTO-LOGOS-26.png","contentUrl":"https:\/\/desierto.com.pe\/wp-content\/uploads\/2023\/10\/cropped-DESIERTO-LOGOS-26.png","width":2086,"height":801,"caption":"Desierto"},"image":{"@id":"https:\/\/desierto.com.pe\/#\/schema\/logo\/image\/"}}]}},"_links":{"self":[{"href":"https:\/\/desierto.com.pe\/en\/wp-json\/wp\/v2\/pages\/872"}],"collection":[{"href":"https:\/\/desierto.com.pe\/en\/wp-json\/wp\/v2\/pages"}],"about":[{"href":"https:\/\/desierto.com.pe\/en\/wp-json\/wp\/v2\/types\/page"}],"author":[{"embeddable":true,"href":"https:\/\/desierto.com.pe\/en\/wp-json\/wp\/v2\/users\/1"}],"replies":[{"embeddable":true,"href":"https:\/\/desierto.com.pe\/en\/wp-json\/wp\/v2\/comments?post=872"}],"version-history":[{"count":22,"href":"https:\/\/desierto.com.pe\/en\/wp-json\/wp\/v2\/pages\/872\/revisions"}],"predecessor-version":[{"id":914,"href":"https:\/\/desierto.com.pe\/en\/wp-json\/wp\/v2\/pages\/872\/revisions\/914"}],"wp:attachment":[{"href":"https:\/\/desierto.com.pe\/en\/wp-json\/wp\/v2\/media?parent=872"}],"curies":[{"name":"wp","href":"https:\/\/api.w.org\/{rel}","templated":true}]}}