{"id":921,"date":"2024-01-19T14:10:20","date_gmt":"2024-01-19T14:10:20","guid":{"rendered":"https:\/\/desierto.com.pe\/?page_id=921"},"modified":"2024-01-19T16:28:44","modified_gmt":"2024-01-19T16:28:44","slug":"eventos-corporativos","status":"publish","type":"page","link":"https:\/\/desierto.com.pe\/en\/eventos-corporativos\/","title":{"rendered":"Corporate Events"},"content":{"rendered":"<div data-elementor-type=\"wp-page\" data-elementor-id=\"921\" class=\"elementor elementor-921\">\n\t\t\t\t\t\t\t<div class=\"elementor-element elementor-element-d5d857f e-con-full e-flex e-con e-parent\" data-id=\"d5d857f\" data-element_type=\"container\" data-settings=\"{&quot;content_width&quot;:&quot;full&quot;,&quot;background_background&quot;:&quot;classic&quot;}\" data-core-v316-plus=\"true\">\n\t\t\t\t<div class=\"elementor-element elementor-element-b49e046 elementor-widget elementor-widget-heading\" data-id=\"b49e046\" data-element_type=\"widget\" data-widget_type=\"heading.default\">\n\t\t\t\t<div class=\"elementor-widget-container\">\n\t\t\t<style>\/*! elementor - v3.16.0 - 17-10-2023 *\/\n.elementor-heading-title{padding:0;margin:0;line-height:1}.elementor-widget-heading .elementor-heading-title[class*=elementor-size-]>a{color:inherit;font-size:inherit;line-height:inherit}.elementor-widget-heading .elementor-heading-title.elementor-size-small{font-size:15px}.elementor-widget-heading .elementor-heading-title.elementor-size-medium{font-size:19px}.elementor-widget-heading .elementor-heading-title.elementor-size-large{font-size:29px}.elementor-widget-heading .elementor-heading-title.elementor-size-xl{font-size:39px}.elementor-widget-heading .elementor-heading-title.elementor-size-xxl{font-size:59px}<\/style><h2 class=\"elementor-heading-title elementor-size-default\">Corporate Events<\/h2>\t\t<\/div>\n\t\t\t\t<\/div>\n\t\t\t\t<div class=\"elementor-element elementor-element-9f9b51f elementor--h-position-center elementor--v-position-middle elementor-widget elementor-widget-slides\" data-id=\"9f9b51f\" data-element_type=\"widget\" data-settings=\"{&quot;navigation&quot;:&quot;none&quot;,&quot;transition_speed&quot;:200,&quot;infinite&quot;:&quot;yes&quot;,&quot;transition&quot;:&quot;slide&quot;}\" data-widget_type=\"slides.default\">\n\t\t\t\t<div class=\"elementor-widget-container\">\n\t\t\t<style>\/*! elementor-pro - v3.9.2 - 21-12-2022 *\/\n.elementor-slides .swiper-slide-bg{background-size:cover;background-position:50%;background-repeat:no-repeat;min-width:100%;min-height:100%}.elementor-slides .swiper-slide-inner{background-repeat:no-repeat;background-position:50%;position:absolute;top:0;left:0;bottom:0;right:0;padding:50px;margin:auto}.elementor-slides .swiper-slide-inner,.elementor-slides .swiper-slide-inner:hover{color:#fff;display:flex}.elementor-slides .swiper-slide-inner .elementor-background-overlay{position:absolute;z-index:0;top:0;bottom:0;left:0;right:0}.elementor-slides .swiper-slide-inner .elementor-slide-content{position:relative;z-index:1;width:100%}.elementor-slides .swiper-slide-inner .elementor-slide-heading{font-size:35px;font-weight:700;line-height:1}.elementor-slides .swiper-slide-inner .elementor-slide-description{font-size:17px;line-height:1.4}.elementor-slides .swiper-slide-inner .elementor-slide-description:not(:last-child),.elementor-slides .swiper-slide-inner .elementor-slide-heading:not(:last-child){margin-bottom:30px}.elementor-slides .swiper-slide-inner .elementor-slide-button{border:2px solid #fff;color:#fff;background:transparent;display:inline-block}.elementor-slides .swiper-slide-inner .elementor-slide-button,.elementor-slides .swiper-slide-inner .elementor-slide-button:hover{background:transparent;color:inherit;text-decoration:none}.elementor--v-position-top .swiper-slide-inner{align-items:flex-start}.elementor--v-position-bottom .swiper-slide-inner{align-items:flex-end}.elementor--v-position-middle .swiper-slide-inner{align-items:center}.elementor--h-position-left .swiper-slide-inner{justify-content:flex-start}.elementor--h-position-right .swiper-slide-inner{justify-content:flex-end}.elementor--h-position-center .swiper-slide-inner{justify-content:center}body.rtl .elementor-widget-slides .elementor-swiper-button-next{left:10px;right:auto}body.rtl .elementor-widget-slides .elementor-swiper-button-prev{right:10px;left:auto}.elementor-slides-wrapper div:not(.swiper-slide)>.swiper-slide-inner{display:none}@media (max-width:767px){.elementor-slides .swiper-slide-inner{padding:30px}.elementor-slides .swiper-slide-inner .elementor-slide-heading{font-size:23px;line-height:1;margin-bottom:15px}.elementor-slides .swiper-slide-inner .elementor-slide-description{font-size:13px;line-height:1.4;margin-bottom:15px}}<\/style>\t\t<div class=\"elementor-swiper\">\n\t\t\t<div class=\"elementor-slides-wrapper elementor-main-swiper swiper-container\" dir=\"ltr\" data-animation=\"fadeInRight\">\n\t\t\t\t<div class=\"swiper-wrapper elementor-slides\">\n\t\t\t\t\t\t\t\t\t\t<div class=\"elementor-repeater-item-fe4bf39 swiper-slide\"><div class=\"swiper-slide-bg\"><\/div><div class=\"swiper-slide-inner\" ><div class=\"swiper-slide-contents\"><div class=\"elementor-slide-description\">Br\u00edndale a tu equipo de trabajo un momento de conexi\u00f3n con la naturaleza.<\/div><\/div><\/div><\/div>\t\t\t\t<\/div>\n\t\t\t\t\t\t\t<\/div>\n\t\t<\/div>\n\t\t\t\t<\/div>\n\t\t\t\t<\/div>\n\t\t\t\t<\/div>\n\t\t<div class=\"elementor-element elementor-element-48a2482 e-flex e-con-boxed e-con e-parent\" data-id=\"48a2482\" data-element_type=\"container\" data-settings=\"{&quot;content_width&quot;:&quot;boxed&quot;}\" data-core-v316-plus=\"true\">\n\t\t\t\t\t<div class=\"e-con-inner\">\n\t\t<div class=\"elementor-element elementor-element-7c01852 e-flex e-con-boxed e-con e-child\" data-id=\"7c01852\" data-element_type=\"container\" data-settings=\"{&quot;background_background&quot;:&quot;classic&quot;,&quot;content_width&quot;:&quot;boxed&quot;}\">\n\t\t\t\t\t<div class=\"e-con-inner\">\n\t\t<div class=\"elementor-element elementor-element-75862c8 e-flex e-con-boxed e-con e-child\" data-id=\"75862c8\" data-element_type=\"container\" data-settings=\"{&quot;content_width&quot;:&quot;boxed&quot;}\">\n\t\t\t\t\t<div class=\"e-con-inner\">\n\t\t\t\t<div class=\"elementor-element elementor-element-56aa7eb elementor-widget elementor-widget-text-editor\" data-id=\"56aa7eb\" data-element_type=\"widget\" data-widget_type=\"text-editor.default\">\n\t\t\t\t<div class=\"elementor-widget-container\">\n\t\t\t<style>\/*! elementor - v3.16.0 - 17-10-2023 *\/\n.elementor-widget-text-editor.elementor-drop-cap-view-stacked .elementor-drop-cap{background-color:#69727d;color:#fff}.elementor-widget-text-editor.elementor-drop-cap-view-framed .elementor-drop-cap{color:#69727d;border:3px solid;background-color:transparent}.elementor-widget-text-editor:not(.elementor-drop-cap-view-default) .elementor-drop-cap{margin-top:8px}.elementor-widget-text-editor:not(.elementor-drop-cap-view-default) .elementor-drop-cap-letter{width:1em;height:1em}.elementor-widget-text-editor .elementor-drop-cap{float:left;text-align:center;line-height:1;font-size:50px}.elementor-widget-text-editor .elementor-drop-cap-letter{display:inline-block}<\/style>\t\t\t\t<p>DESIERTO by Alta Ruta 4&#215;4<\/p>\t\t\t\t\t\t<\/div>\n\t\t\t\t<\/div>\n\t\t\t\t<div class=\"elementor-element elementor-element-e36c4b8 elementor-widget elementor-widget-heading\" data-id=\"e36c4b8\" data-element_type=\"widget\" data-widget_type=\"heading.default\">\n\t\t\t\t<div class=\"elementor-widget-container\">\n\t\t\t<h2 class=\"elementor-heading-title elementor-size-default\">Corporate Events<\/h2>\t\t<\/div>\n\t\t\t\t<\/div>\n\t\t\t\t<div class=\"elementor-element elementor-element-a5d3c42 elementor-widget elementor-widget-text-editor\" data-id=\"a5d3c42\" data-element_type=\"widget\" data-widget_type=\"text-editor.default\">\n\t\t\t\t<div class=\"elementor-widget-container\">\n\t\t\t\t\t\t\t<p>En Desierto, no solo ofrecemos paseos excepcionales, sino que tambi\u00e9n nos enorgullece llevar a cabo eventos corporativos con un toque distintivo. Nuestro equipo se encarga de cada detalle, desde la log\u00edstica del transporte hasta la creaci\u00f3n de un men\u00fa exclusivo, garantizando que sus invitados disfruten de una experiencia \u00fanica y agradable.<\/p><p>Con a\u00f1os de experiencia en la industria, entendemos la importancia de la perfecci\u00f3n en este tipo de eventos. Desde la planificaci\u00f3n inicial hasta la ejecuci\u00f3n impecable, en Desierto nos esforzamos por superar las expectativas, proporcionando servicios integrales que van m\u00e1s all\u00e1 de un simple paseo por m\u00e1s all\u00e1 de un paseo en dunas. Conf\u00ede en nosotros para hacer de su evento corporativo una experiencia \u00fanica en un entorno natural incomparable<\/p>\t\t\t\t\t\t<\/div>\n\t\t\t\t<\/div>\n\t\t\t\t\t<\/div>\n\t\t\t\t<\/div>\n\t\t<div class=\"elementor-element elementor-element-147e1e0 e-flex e-con-boxed e-con e-child\" data-id=\"147e1e0\" data-element_type=\"container\" data-settings=\"{&quot;content_width&quot;:&quot;boxed&quot;}\">\n\t\t\t\t\t<div class=\"e-con-inner\">\n\t\t<div class=\"elementor-element elementor-element-618d8ce e-con-full e-flex e-con e-child\" data-id=\"618d8ce\" data-element_type=\"container\" data-settings=\"{&quot;content_width&quot;:&quot;full&quot;,&quot;background_background&quot;:&quot;video&quot;,&quot;background_video_link&quot;:&quot;https:\\\/\\\/desierto.com.pe\\\/wp-content\\\/uploads\\\/2024\\\/01\\\/GLAMBING-3.mp4&quot;,&quot;background_video_start&quot;:0,&quot;background_play_on_mobile&quot;:&quot;yes&quot;}\">\n\t\t<div class=\"elementor-background-video-container\">\n\t\t\t\t\t\t\t<video class=\"elementor-background-video-hosted elementor-html5-video\" autoplay muted playsinline loop><\/video>\n\t\t\t\t\t<\/div>\t\t<div class=\"elementor-element elementor-element-584bb3d elementor-widget elementor-widget-text-editor\" data-id=\"584bb3d\" data-element_type=\"widget\" data-widget_type=\"text-editor.default\">\n\t\t\t\t<div class=\"elementor-widget-container\">\n\t\t\t\t\t\t\t<p>.<\/p>\t\t\t\t\t\t<\/div>\n\t\t\t\t<\/div>\n\t\t\t\t<\/div>\n\t\t\t\t\t<\/div>\n\t\t\t\t<\/div>\n\t\t\t\t\t<\/div>\n\t\t\t\t<\/div>\n\t\t\t\t<div class=\"elementor-element elementor-element-12cbe62 elementor-widget elementor-widget-button\" data-id=\"12cbe62\" data-element_type=\"widget\" data-widget_type=\"button.default\">\n\t\t\t\t<div class=\"elementor-widget-container\">\n\t\t\t\t\t<div class=\"elementor-button-wrapper\">\n\t\t\t<a class=\"elementor-button elementor-button-link elementor-size-sm\" href=\"https:\/\/desierto.com.pe\/en\/contactanos\/\">\n\t\t\t\t\t\t<span class=\"elementor-button-content-wrapper\">\n\t\t\t\t\t\t<span class=\"elementor-button-icon elementor-align-icon-right\">\n\t\t\t\t<i aria-hidden=\"true\" class=\"fab fa-wpforms\"><\/i>\t\t\t<\/span>\n\t\t\t\t\t\t<span class=\"elementor-button-text\">M\u00e1s Informaci\u00f3n <\/span>\n\t\t<\/span>\n\t\t\t\t\t<\/a>\n\t\t<\/div>\n\t\t\t\t<\/div>\n\t\t\t\t<\/div>\n\t\t\t\t\t<\/div>\n\t\t\t\t<\/div>\n\t\t\t\t\t\t\t<\/div>","protected":false},"excerpt":{"rendered":"<p>Eventos Corporativos Br\u00edndale a tu equipo de trabajo un momento de conexi\u00f3n con la naturaleza. DESIERTO by Alta Ruta 4&#215;4 Eventos Corporativos En Desierto, no solo ofrecemos paseos excepcionales, sino que tambi\u00e9n nos enorgullece llevar a cabo eventos corporativos con un toque distintivo. Nuestro equipo se encarga de cada detalle, desde la log\u00edstica del transporte [&hellip;]<\/p>","protected":false},"author":1,"featured_media":0,"parent":0,"menu_order":0,"comment_status":"closed","ping_status":"closed","template":"elementor_header_footer","meta":{"footnotes":""},"class_list":["post-921","page","type-page","status-publish","hentry"],"yoast_head":"<!-- This site is optimized with the Yoast SEO plugin v23.7 - https:\/\/yoast.com\/wordpress\/plugins\/seo\/ -->\n<title>Eventos Corporativos - Desierto<\/title>\n<meta name=\"robots\" content=\"index, follow, max-snippet:-1, max-image-preview:large, max-video-preview:-1\" \/>\n<link rel=\"canonical\" href=\"https:\/\/desierto.com.pe\/en\/eventos-corporativos\/\" \/>\n<meta property=\"og:locale\" content=\"en_US\" \/>\n<meta property=\"og:type\" content=\"article\" \/>\n<meta property=\"og:title\" content=\"Eventos Corporativos - Desierto\" \/>\n<meta property=\"og:description\" content=\"Eventos Corporativos Br\u00edndale a tu equipo de trabajo un momento de conexi\u00f3n con la naturaleza. DESIERTO by Alta Ruta 4&#215;4 Eventos Corporativos En Desierto, no solo ofrecemos paseos excepcionales, sino que tambi\u00e9n nos enorgullece llevar a cabo eventos corporativos con un toque distintivo. Nuestro equipo se encarga de cada detalle, desde la log\u00edstica del transporte [&hellip;]\" \/>\n<meta property=\"og:url\" content=\"https:\/\/desierto.com.pe\/en\/eventos-corporativos\/\" \/>\n<meta property=\"og:site_name\" content=\"Desierto\" \/>\n<meta property=\"article:modified_time\" content=\"2024-01-19T16:28:44+00:00\" \/>\n<meta name=\"twitter:card\" content=\"summary_large_image\" \/>\n<meta name=\"twitter:label1\" content=\"Est. reading time\" \/>\n\t<meta name=\"twitter:data1\" content=\"1 minute\" \/>\n<script type=\"application\/ld+json\" class=\"yoast-schema-graph\">{\"@context\":\"https:\/\/schema.org\",\"@graph\":[{\"@type\":\"WebPage\",\"@id\":\"https:\/\/desierto.com.pe\/eventos-corporativos\/\",\"url\":\"https:\/\/desierto.com.pe\/eventos-corporativos\/\",\"name\":\"Eventos Corporativos - Desierto\",\"isPartOf\":{\"@id\":\"https:\/\/desierto.com.pe\/#website\"},\"datePublished\":\"2024-01-19T14:10:20+00:00\",\"dateModified\":\"2024-01-19T16:28:44+00:00\",\"breadcrumb\":{\"@id\":\"https:\/\/desierto.com.pe\/eventos-corporativos\/#breadcrumb\"},\"inLanguage\":\"en-US\",\"potentialAction\":[{\"@type\":\"ReadAction\",\"target\":[\"https:\/\/desierto.com.pe\/eventos-corporativos\/\"]}]},{\"@type\":\"BreadcrumbList\",\"@id\":\"https:\/\/desierto.com.pe\/eventos-corporativos\/#breadcrumb\",\"itemListElement\":[{\"@type\":\"ListItem\",\"position\":1,\"name\":\"Portada\",\"item\":\"https:\/\/desierto.com.pe\/\"},{\"@type\":\"ListItem\",\"position\":2,\"name\":\"Eventos Corporativos\"}]},{\"@type\":\"WebSite\",\"@id\":\"https:\/\/desierto.com.pe\/#website\",\"url\":\"https:\/\/desierto.com.pe\/\",\"name\":\"Desierto\",\"description\":\"\",\"publisher\":{\"@id\":\"https:\/\/desierto.com.pe\/#organization\"},\"potentialAction\":[{\"@type\":\"SearchAction\",\"target\":{\"@type\":\"EntryPoint\",\"urlTemplate\":\"https:\/\/desierto.com.pe\/?s={search_term_string}\"},\"query-input\":{\"@type\":\"PropertyValueSpecification\",\"valueRequired\":true,\"valueName\":\"search_term_string\"}}],\"inLanguage\":\"en-US\"},{\"@type\":\"Organization\",\"@id\":\"https:\/\/desierto.com.pe\/#organization\",\"name\":\"Desierto\",\"url\":\"https:\/\/desierto.com.pe\/\",\"logo\":{\"@type\":\"ImageObject\",\"inLanguage\":\"en-US\",\"@id\":\"https:\/\/desierto.com.pe\/#\/schema\/logo\/image\/\",\"url\":\"https:\/\/desierto.com.pe\/wp-content\/uploads\/2023\/10\/cropped-DESIERTO-LOGOS-26.png\",\"contentUrl\":\"https:\/\/desierto.com.pe\/wp-content\/uploads\/2023\/10\/cropped-DESIERTO-LOGOS-26.png\",\"width\":2086,\"height\":801,\"caption\":\"Desierto\"},\"image\":{\"@id\":\"https:\/\/desierto.com.pe\/#\/schema\/logo\/image\/\"}}]}<\/script>\n<!-- \/ Yoast SEO plugin. -->","yoast_head_json":{"title":"Eventos Corporativos - Desierto","robots":{"index":"index","follow":"follow","max-snippet":"max-snippet:-1","max-image-preview":"max-image-preview:large","max-video-preview":"max-video-preview:-1"},"canonical":"https:\/\/desierto.com.pe\/en\/eventos-corporativos\/","og_locale":"en_US","og_type":"article","og_title":"Eventos Corporativos - Desierto","og_description":"Eventos Corporativos Br\u00edndale a tu equipo de trabajo un momento de conexi\u00f3n con la naturaleza. DESIERTO by Alta Ruta 4&#215;4 Eventos Corporativos En Desierto, no solo ofrecemos paseos excepcionales, sino que tambi\u00e9n nos enorgullece llevar a cabo eventos corporativos con un toque distintivo. Nuestro equipo se encarga de cada detalle, desde la log\u00edstica del transporte [&hellip;]","og_url":"https:\/\/desierto.com.pe\/en\/eventos-corporativos\/","og_site_name":"Desierto","article_modified_time":"2024-01-19T16:28:44+00:00","twitter_card":"summary_large_image","twitter_misc":{"Est. reading time":"1 minute"},"schema":{"@context":"https:\/\/schema.org","@graph":[{"@type":"WebPage","@id":"https:\/\/desierto.com.pe\/eventos-corporativos\/","url":"https:\/\/desierto.com.pe\/eventos-corporativos\/","name":"Eventos Corporativos - Desierto","isPartOf":{"@id":"https:\/\/desierto.com.pe\/#website"},"datePublished":"2024-01-19T14:10:20+00:00","dateModified":"2024-01-19T16:28:44+00:00","breadcrumb":{"@id":"https:\/\/desierto.com.pe\/eventos-corporativos\/#breadcrumb"},"inLanguage":"en-US","potentialAction":[{"@type":"ReadAction","target":["https:\/\/desierto.com.pe\/eventos-corporativos\/"]}]},{"@type":"BreadcrumbList","@id":"https:\/\/desierto.com.pe\/eventos-corporativos\/#breadcrumb","itemListElement":[{"@type":"ListItem","position":1,"name":"Portada","item":"https:\/\/desierto.com.pe\/"},{"@type":"ListItem","position":2,"name":"Eventos Corporativos"}]},{"@type":"WebSite","@id":"https:\/\/desierto.com.pe\/#website","url":"https:\/\/desierto.com.pe\/","name":"Desierto","description":"","publisher":{"@id":"https:\/\/desierto.com.pe\/#organization"},"potentialAction":[{"@type":"SearchAction","target":{"@type":"EntryPoint","urlTemplate":"https:\/\/desierto.com.pe\/?s={search_term_string}"},"query-input":{"@type":"PropertyValueSpecification","valueRequired":true,"valueName":"search_term_string"}}],"inLanguage":"en-US"},{"@type":"Organization","@id":"https:\/\/desierto.com.pe\/#organization","name":"Desierto","url":"https:\/\/desierto.com.pe\/","logo":{"@type":"ImageObject","inLanguage":"en-US","@id":"https:\/\/desierto.com.pe\/#\/schema\/logo\/image\/","url":"https:\/\/desierto.com.pe\/wp-content\/uploads\/2023\/10\/cropped-DESIERTO-LOGOS-26.png","contentUrl":"https:\/\/desierto.com.pe\/wp-content\/uploads\/2023\/10\/cropped-DESIERTO-LOGOS-26.png","width":2086,"height":801,"caption":"Desierto"},"image":{"@id":"https:\/\/desierto.com.pe\/#\/schema\/logo\/image\/"}}]}},"_links":{"self":[{"href":"https:\/\/desierto.com.pe\/en\/wp-json\/wp\/v2\/pages\/921"}],"collection":[{"href":"https:\/\/desierto.com.pe\/en\/wp-json\/wp\/v2\/pages"}],"about":[{"href":"https:\/\/desierto.com.pe\/en\/wp-json\/wp\/v2\/types\/page"}],"author":[{"embeddable":true,"href":"https:\/\/desierto.com.pe\/en\/wp-json\/wp\/v2\/users\/1"}],"replies":[{"embeddable":true,"href":"https:\/\/desierto.com.pe\/en\/wp-json\/wp\/v2\/comments?post=921"}],"version-history":[{"count":16,"href":"https:\/\/desierto.com.pe\/en\/wp-json\/wp\/v2\/pages\/921\/revisions"}],"predecessor-version":[{"id":957,"href":"https:\/\/desierto.com.pe\/en\/wp-json\/wp\/v2\/pages\/921\/revisions\/957"}],"wp:attachment":[{"href":"https:\/\/desierto.com.pe\/en\/wp-json\/wp\/v2\/media?parent=921"}],"curies":[{"name":"wp","href":"https:\/\/api.w.org\/{rel}","templated":true}]}}